{"id":128,"date":"2015-01-10T19:48:59","date_gmt":"2015-01-10T17:48:59","guid":{"rendered":"http:\/\/soricristerm.ro\/?page_id=128"},"modified":"2015-01-10T20:29:41","modified_gmt":"2015-01-10T18:29:41","slug":"pvc","status":"publish","type":"page","link":"https:\/\/soricristerm.ro\/?page_id=128","title":{"rendered":"PVC"},"content":{"rendered":"<h1>\u00a0\u00a0\u00a0\u00a0\u00a0\u00a0\u00a0<span style=\"color: #000000;\"> Rulour<strong>i PVC<\/strong><\/span><\/h1>\n<p style=\"text-align: center;\"><span style=\"color: #000080;\"><strong>\u00a0<\/strong><\/span><\/p>\n<p><span style=\"color: #000080;\"><strong>Rulouri exterioare PVC au durata medie de viata de 5-10 ani.<\/strong><\/span><\/p>\n<p><strong><span style=\"color: #000080;\">Rulourile de PVC sunt un produs simplu, accesibil si functional. Sinele de culisare, axul si lamelele sunt confectionate din PVC, lamela terminala si cutia sunt produse din metal vopsit in camp electrostatic.<\/span><\/strong><\/p>\n<p><strong><span style=\"color: #000080;\">Spre deosebire de lamelele rulourilor de aluminiu, lamelele din PVC sunt goale in interior insa grosimea peretilor permite realizarea unor rulouri cu latimi de 1,70m pe culoarea alba si 1,50m pe culorile inchise. Cutiile de inmagazinare a lamelelor sunt de marimi diferite in functia de inaltimea totala a ferestrei unde se monteaza ruloul. Dimensiunile cele mai uzuale ale cutiilor sunt : 140mm si 160mm , mai rar folosindu-se si cutii de 180mm.<\/span><\/strong><\/p>\n<p><strong><span style=\"color: #000080;\">Cutiile metalice sunt disponibile in doua culori : alb si maro. Forma lor, se observa in sectiune, este deschisa in partea care se ataseaza pe tamplarie.<\/span><\/strong><\/p>\n<p><strong><span style=\"color: #000080;\">In cazul rulourilor de PVC nu avem posibilitatea actionarii electrice, ci doar manuale. Ele pot fi manevrate cu ajutorul chingii textile cu latimea de 14mm, iar blocarea la inaltimea dorita se face cu un automat care mai are rolul de a inmagazina chinga cand ruloul este ridicat.<\/span><\/strong><\/p>\n<p><strong><br \/>\nCaracteristici:<\/strong><\/p>\n<table style=\"height: 175px;\" border=\"0\" width=\"856\">\n<tbody>\n<tr>\n<td><img loading=\"lazy\" class=\"alignright\" title=\"rulouri pvc\" src=\"http:\/\/promotii-termopane-pvc.ro\/images\/rulouri-aluminiu.jpg\" alt=\"rulouri-aluminiu\" width=\"238\" height=\"178\" \/><\/p>\n<ul>\n<li><strong>Design impecabil &#8211;\u00a0<\/strong>Materialele \u0219i componentele utilizate \u00een confec\u021bionarea ruloului din PVC \u00eel transform\u0103 \u00eentr-un produs cu un design deosebit<\/li>\n<li><strong>Calcul usor de efectuat\u00a0<\/strong>&#8211;\u00a0Pre\u021bul pe metru p\u0103trat \u0219i sistemul unic de comenzi online garanteaz\u0103 un calcul rapid \u0219i exact, av\u00e2nd siguran\u021ba plas\u0103rii comenzilor<\/li>\n<li><strong>Suprafata minim\u0103 facturabil\u0103 &#8211; 0,8 mp\u00a0<\/strong>&#8211;\u00a0Op\u021biunea minim\u0103 pentru plasarea unei comenzi este de 0,8 mp<\/li>\n<li><strong>Lamel\u0103 terminal\u0103 metalic\u0103 \u0219i caset\u0103 din tabl\u0103 galvanizat\u0103<\/strong> &#8211;\u00a0Rezisten\u021ba \u0219i func\u021bionalitatea rulourilor din PVC Kondor este dat\u0103 de componentele de calitate<\/li>\n<li><strong>Ac\u021bionare pe rulmen\u021bi metalici<\/strong> &#8211;\u00a0Fiabilitatea rulourilor din PVC Kondor este sus\u021binut\u0103 de ac\u021bionarea pe rulmen\u021bi metalici<\/li>\n<\/ul>\n<\/td>\n<\/tr>\n<\/tbody>\n<\/table>\n<p><strong><br \/>\nRulou PVC Simplu<\/strong><\/p>\n<table style=\"height: 183px;\" border=\"0\" width=\"853\">\n<tbody>\n<tr>\n<td>\n<ul>\n<li>Caseta \u015fi accesoriile de montaj sunt albe sau maro; Lamelele din PVC sunt late de 37 mm \u015fi groase de 6 mm<img loading=\"lazy\" class=\"alignright\" title=\"rulou simplu\" src=\"http:\/\/promotii-termopane-pvc.ro\/images\/rulou_simplu.jpg\" alt=\"rulou simplu\" width=\"109\" height=\"138\" \/><\/li>\n<li>\u00cen func\u0163ie de \u00een\u0103l\u0163imea ruloului, caseta este de 0.14 sau 0.18; caseta vopsita in camp electrostatic are grosimea de 0,90 mm<\/li>\n<li>Piciorul ruloului este din PVC si are dimensiunea 40x60mm<\/li>\n<li>Capcele ruloului sunt din otel vopsit in camp electrostatic si au in functie de inaltimea ruloului 0.14 sau 0.18m<\/li>\n<li>Ac\u0163ionarea este prev\u0103zut\u0103 numai cu \u015fnur, care necesit\u0103 o gaur\u0103 de trecere prin t\u00e2mpl\u0103rie de 10 mm; Pot fi mai multe rulouri \u00een aceea\u015fi caset\u0103 (cu o lungime maxim\u0103 de 3 m), cu ac\u0163ion\u0103ri separate<\/li>\n<li>Aten\u0163ie: Montarea unui rulou aplicat presupune perforarea t\u00e2mpl\u0103riei \u00een aproximativ 9 locuri (4 \u2013 6 fix\u0103ri) cu \u015furuburi ale piciorului (\u00een func\u0163ie de \u00een\u0103l\u0163ime), o gaur\u0103 de trecere pentru \u015fnur, precum \u015fi prinderea \u00een dou\u0103 \u015furuburi a automatului \u015fnur, care se monteaz\u0103 \u00een interior<\/li>\n<\/ul>\n<\/td>\n<\/tr>\n<\/tbody>\n<\/table>\n<p><strong><br \/>\nRulou PVC Lux<\/strong><\/p>\n<table style=\"height: 190px;\" border=\"0\" width=\"864\">\n<tbody>\n<tr>\n<td>\n<ul>\n<li>Caseta \u015fi accesoriile de montaj sunt albe sau maro<img loading=\"lazy\" class=\"alignright\" title=\"rulou lux\" src=\"http:\/\/promotii-termopane-pvc.ro\/images\/rulou_lux.jpg\" alt=\"rulou lux\" width=\"165\" height=\"165\" \/><\/li>\n<li>Lamelele din PVC sunt late de 37 mm \u015fi groase de 6 mm<\/li>\n<li>Caseta este din otel vopsit in camp electrostatic si in func\u0163ie de \u00een\u0103l\u0163imea ruloului poate fi de 0.14 ,0.16 sau 0.18,\u00a0caseta are grosimea de 0,90 mm<\/li>\n<li>Piciorul este din PVC extrudat si are dimensiunile 25x60mm<\/li>\n<li>Capacele ruloului sunt din aluminiu si in functie de inaltime sunt de 0.14, 0.16 sau 0.18m<\/li>\n<li>Ac\u0163ionarea este prev\u0103zut\u0103 numai cu \u015fnur, care necesit\u0103 o gaur\u0103 de trecere prin t\u00e2mpl\u0103rie de 10 mm.\u00a0NU pot fi mai multe rulouri \u00een aceea\u015fi caset\u0103<\/li>\n<li>Aten\u0163ie: Montarea unui rulou aplicat presupune perforarea t\u00e2mpl\u0103riei \u00een aproximativ 9 locuri (4 \u2013 6 fix\u0103ri) cu \u015furuburi ale piciorului (\u00een func\u0163ie de \u00een\u0103l\u0163ime), o gaur\u0103 de trecere pentru \u015fnur, precum \u015fi prinderea \u00een dou\u0103 \u015furuburi a automatului \u015fnur, care se monteaz\u0103 \u00een interior<\/li>\n<\/ul>\n<\/td>\n<\/tr>\n<\/tbody>\n<\/table>\n<p><strong>Rulou PVC Lux cu plasa<\/strong><\/p>\n<table style=\"height: 230px;\" border=\"0\" width=\"875\">\n<tbody>\n<tr>\n<td>\n<ul>\n<li>Caseta \u015fi accesoriile de montaj sunt albe sau maro<img loading=\"lazy\" class=\"alignright\" title=\"rulou lux cu plasa\" src=\"http:\/\/promotii-termopane-pvc.ro\/images\/rulou_lux.jpg\" alt=\"rulou lux\" width=\"167\" height=\"167\" \/><\/li>\n<li>Lamelele din PVC sunt late de 39 mm \u015fi groase de 6 mm<\/li>\n<li>Caseta este din otel vopsit in camp electrostatic si \u00cen func\u0163ie de \u00een\u0103l\u0163imea ruloului poate fi de 0.16 sau 0.18; grosimea de 0,90 mm<\/li>\n<li>Piciorul are canal dublu si este din PVC extrudat cu dimensiune 40x53mm<\/li>\n<li>Capacele ruloului sunt din aluminiu si in functie de inaltime sunt de 0.16 sau 0.18m<\/li>\n<li>Ac\u0163ionarea este prev\u0103zut\u0103 numai cu \u015fnur, care necesit\u0103 o gaur\u0103 de trecere prin t\u00e2mpl\u0103rie de 10 mm; NU pot fi mai multe rulouri \u00een aceea\u015fi caset\u0103<\/li>\n<li>Plasa \u015fi lamelele func\u0163ioneaz\u0103 separat, dar folosesc aceea\u015fi caset\u0103 \u015fi acelea\u015fi picioare<\/li>\n<li>Aten\u0163ie: Montarea unui rulou aplicat presupune perforarea t\u00e2mpl\u0103riei \u00een aproximativ 9 locuri (4 \u2013 6 fix\u0103ri) cu \u015furuburi ale piciorului (\u00een func\u0163ie de \u00een\u0103l\u0163ime), o gaur\u0103 de trecere pentru \u015fnur, precum \u015fi prinderea \u00een dou\u0103 \u015furuburi a automatului \u015fnur, care se monteaz\u0103 \u00een interior;<\/li>\n<\/ul>\n<\/td>\n<\/tr>\n<\/tbody>\n<\/table>\n","protected":false},"excerpt":{"rendered":"<p>\u00a0\u00a0\u00a0\u00a0\u00a0\u00a0\u00a0 Rulouri PVC \u00a0 Rulouri exterioare PVC au durata medie de viata de 5-10 ani. Rulourile de PVC sunt un produs simplu, accesibil <\/p>\n","protected":false},"author":1,"featured_media":0,"parent":110,"menu_order":2,"comment_status":"closed","ping_status":"closed","template":"","meta":[],"_links":{"self":[{"href":"https:\/\/soricristerm.ro\/index.php?rest_route=\/wp\/v2\/pages\/128"}],"collection":[{"href":"https:\/\/soricristerm.ro\/index.php?rest_route=\/wp\/v2\/pages"}],"about":[{"href":"https:\/\/soricristerm.ro\/index.php?rest_route=\/wp\/v2\/types\/page"}],"author":[{"embeddable":true,"href":"https:\/\/soricristerm.ro\/index.php?rest_route=\/wp\/v2\/users\/1"}],"replies":[{"embeddable":true,"href":"https:\/\/soricristerm.ro\/index.php?rest_route=%2Fwp%2Fv2%2Fcomments&post=128"}],"version-history":[{"count":3,"href":"https:\/\/soricristerm.ro\/index.php?rest_route=\/wp\/v2\/pages\/128\/revisions"}],"predecessor-version":[{"id":136,"href":"https:\/\/soricristerm.ro\/index.php?rest_route=\/wp\/v2\/pages\/128\/revisions\/136"}],"up":[{"embeddable":true,"href":"https:\/\/soricristerm.ro\/index.php?rest_route=\/wp\/v2\/pages\/110"}],"wp:attachment":[{"href":"https:\/\/soricristerm.ro\/index.php?rest_route=%2Fwp%2Fv2%2Fmedia&parent=128"}],"curies":[{"name":"wp","href":"https:\/\/api.w.org\/{rel}","templated":true}]}}