{"id":110,"date":"2015-01-10T18:27:31","date_gmt":"2015-01-10T16:27:31","guid":{"rendered":"http:\/\/soricristerm.ro\/?page_id=110"},"modified":"2015-01-10T20:23:20","modified_gmt":"2015-01-10T18:23:20","slug":"rulouri","status":"publish","type":"page","link":"https:\/\/soricristerm.ro\/?page_id=110","title":{"rendered":"RULOURI"},"content":{"rendered":"<p>&nbsp;<\/p>\n<div id=\"wrapper-w\">\n<div id=\"wrapper\" class=\"container row clr\">\n<div id=\"wrapper-i\">\n<div id=\"box-wrap\" class=\"container row clr\">\n<div id=\"main-content\" class=\"row span_12\">\n<div id=\"post\" class=\"col span_12 clr\">\n<div id=\"comp-wrap\">\n<div class=\"item-page\">\n<h1>Rulouri Aluminiu si PVC<\/h1>\n<p><strong><br \/>\nRulourile exterioare aplicate din aluminiu, au caseta din aluminiu si lamelele din aluminiu , culorile standard disponibile, atat pentru caseta, cat si pentru lamelele din aluminiu fiind alb si maron . Acest tip de rulou prezinta avantajul de a ocupa foarte putin spatiu din vizibilitatea ferestrei sau deloc, in cazul in care se monteaza pe zid, deasupra golului de fereastra.<\/strong><\/p>\n<p><strong>Caracteristici<\/strong><\/p>\n<table border=\"0\">\n<tbody>\n<tr>\n<td>\n<ul>\n<li>carcasa de aluminiu vopsit in camp electrostatic, tesita la 45*\u00a0<img loading=\"lazy\" title=\"rulouri aluminiu\" src=\"http:\/\/promotii-termopane-pvc.ro\/images\/rulouri_aluminiu.jpg\" alt=\"rulouri aluminiu\" width=\"135\" height=\"128\" \/><\/li>\n<li>ghidajele de aluminiu extrudat vopsit in camp electrostatic, prevazute cu perii colectoare, dimensiuni 22x53mm<\/li>\n<li>lamelele din aluminiu umplute cu spuma poliuretanica izolatoare, vopsite in camp electrostatic, cu o inaltime de 39mm si o grosime de 9mm<\/li>\n<li>ultima lamela din aluminiu extrudat vopsit in camp electrostatic, prevazuta cu garnitura de cauciuc pentru etansare<\/li>\n<li>capace laterale aluminiu vopsit in camp electrostatic<\/li>\n<li>ax octogonal din otel, la capete se misca pe rulmenti metalici<\/li>\n<\/ul>\n<\/td>\n<\/tr>\n<\/tbody>\n<\/table>\n<p>&nbsp;<\/p>\n<p><strong>Corelat cu dimensiunea maxima a lamelei si dimensiunea casetei, rulourile exterioare aplicate pot fi actionate fie manual cu: snur, panglica, arc sau manivela cat si electric (cu motor): cu intrerupator sau telecomanda.<\/strong><\/p>\n<p><strong><br \/>\n<\/strong><strong>Actionare manuala cu snur sau banda<\/strong><\/p>\n<table border=\"0\">\n<tbody>\n<tr>\n<td>\n<ul>\n<li>dimensiunea maxima la care se poate utiliza este de 3,5mp<img loading=\"lazy\" title=\"rulou snur\" src=\"http:\/\/promotii-termopane-pvc.ro\/images\/actionare-rulouri-snur.jpg\" alt=\"actionare-rulouri-snur\" width=\"135\" height=\"147\" \/><\/li>\n<li>sisteme antiefractie care se pot folosi la acest tip de actionare sunt: boltz, yala, zavor<\/li>\n<li>culorile disponibile standard alb &#8211; RAL 9016, maro inchis &#8211; RAL 8019, maro deschis &#8211; RAL 8014<\/li>\n<li>culorile disponibile la cerere toata gama variata de culori RAL<\/li>\n<li>culorile disponibile in nuante de imitatie lemn: stejar auriu, mahon, nuc<\/li>\n<li>timpul de livrare pe culori standard 5 zile lucratoare<\/li>\n<li>timpul de livrare pe culori non-standard 14 zile lucratoare<\/li>\n<\/ul>\n<\/td>\n<\/tr>\n<\/tbody>\n<\/table>\n<p>&nbsp;<\/p>\n<p><strong>Actionare cu manivela<\/strong><\/p>\n<table border=\"0\">\n<tbody>\n<tr>\n<td>\n<ul>\n<li>dimensiunea maxima la care se poate utiliza este de 7mp<img loading=\"lazy\" title=\"rulou manivela\" src=\"http:\/\/promotii-termopane-pvc.ro\/images\/actionare-rulou-manivela.jpg\" alt=\"actionare-rulou-manivela\" width=\"135\" height=\"147\" \/><\/li>\n<li>sisteme antiefractie care se pot folosi la acest tip de actionare sunt: boltz, yala, zavor<\/li>\n<li>culorile disponibile standard alb &#8211; RAL 9016, maro inchis &#8211; RAL 8019, maro deschis &#8211; RAL 8014<\/li>\n<li>culorile disponibile la cerere toata gama variata de culori RAL<\/li>\n<li>culorile disponibile in nuante de imitatie lemn: stejar auriu, mahon, nuc<\/li>\n<li>timpul de livrare pe culori standard 5 zile lucratoare<\/li>\n<li>timpul de livrare pe culori non-standard 14 zile lucratoare<\/li>\n<\/ul>\n<\/td>\n<\/tr>\n<\/tbody>\n<\/table>\n<p>&nbsp;<\/p>\n<p><strong>Actionare\u00a0electrica cu motor<\/strong><\/p>\n<table border=\"0\">\n<tbody>\n<tr>\n<td>\n<ul>\n<li>rulourile din aluminiu actionate electric se pot fabrica la orice dimensiune<img loading=\"lazy\" title=\"rulou actionare electrica\" src=\"http:\/\/promotii-termopane-pvc.ro\/images\/actionare-electrica.jpg\" alt=\"actionare-electrica\" width=\"137\" height=\"147\" \/><\/li>\n<li>actionarea se face cu buton sau telecomanda<\/li>\n<li>sisteme antiefractie care se pot folosi la acest tip de actionare sunt: boltz, yala, zavor<\/li>\n<li>culorile disponibile standard alb &#8211; RAL 9016, maro inchis &#8211; RAL 8019, maro deschis &#8211; RAL 8014<\/li>\n<li>culorile disponibile la cerere toata gama variata de culori RAL<\/li>\n<li>culorile disponibile in nuante de imitatie lemn: stejar auriu, mahon, nuc<\/li>\n<li>timpul de livrare pe culori standard 5 zile lucratoare<\/li>\n<\/ul>\n<\/td>\n<\/tr>\n<\/tbody>\n<\/table>\n<p>&nbsp;<\/p>\n<table border=\"0\">\n<tbody>\n<tr>\n<td><strong>RETINETI!<br \/>\nPentru realizarea montajului unui rulou exterior cu actionarea din interior, este necesara gaurirea tamplariei existente. Acest lucru NU modifica in niciun fel caracteristicile tehnice ale ferestrei\/usii. La finalul montajului nu ramane vizibila nicio gaura.<\/strong><br \/>\n<strong>Acest tip de rulou necesita un timp de montaj intre 30 min. si 60 min. in functie de dotarile cu care este echipat.<\/strong><br \/>\n<strong>In mod normal, la montajul unui rulou exterior spatiul in care se face montajul ramane curat si nu este necesara curatirea camerei sau spatiului respectiv.<\/strong><br \/>\n<strong>Pentru acest produs nu este necesara o intretire periodica.<\/strong><\/td>\n<\/tr>\n<\/tbody>\n<\/table>\n<\/div>\n<\/div>\n<\/div>\n<\/div>\n<\/div>\n<\/div>\n<div id=\"topcontrol\" title=\"Scroll Back to Top\"><\/div>\n<div title=\"Scroll Back to Top\">\n<h1>Rulouri PVC<\/h1>\n<p>&nbsp;<\/p>\n<p><strong>Rulouri exterioare PVC au durata medie de viata de 5-10 ani.<\/strong><\/p>\n<p>Rulourile de PVC sunt un produs simplu, accesibil si functional. Sinele de culisare, axul si lamelele sunt confectionate din PVC, lamela terminala si cutia sunt produse din metal vopsit in camp electrostatic.<\/p>\n<p>Spre deosebire de lamelele rulourilor de aluminiu, lamelele din PVC sunt goale in interior insa grosimea peretilor permite realizarea unor rulouri cu latimi de 1,70m pe culoarea alba si 1,50m pe culorile inchise. Cutiile de inmagazinare a lamelelor sunt de marimi diferite in functia de inaltimea totala a ferestrei unde se monteaza ruloul. Dimensiunile cele mai uzuale ale cutiilor sunt : 140mm si 160mm , mai rar folosindu-se si cutii de 180mm.<\/p>\n<p>Cutiile metalice sunt disponibile in doua culori : alb si maro. Forma lor, se observa in sectiune, este deschisa in partea care se ataseaza pe tamplarie.<\/p>\n<p>In cazul rulourilor de PVC nu avem posibilitatea actionarii electrice, ci doar manuale. Ele pot fi manevrate cu ajutorul chingii textile cu latimea de 14mm, iar blocarea la inaltimea dorita se face cu un automat care mai are rolul de a inmagazina chinga cand ruloul este ridicat.<\/p>\n<p><strong><br \/>\nCaracteristici<\/strong><\/p>\n<table border=\"0\">\n<tbody>\n<tr>\n<td><img loading=\"lazy\" title=\"rulouri pvc\" src=\"http:\/\/promotii-termopane-pvc.ro\/images\/rulouri-aluminiu.jpg\" alt=\"rulouri-aluminiu\" width=\"238\" height=\"178\" \/><\/p>\n<ul>\n<li><strong>Design impecabil &#8211;\u00a0<\/strong>Materialele \u0219i componentele utilizate \u00een confec\u021bionarea ruloului din PVC \u00eel transform\u0103 \u00eentr-un produs cu un design deosebit<\/li>\n<li><strong>Calcul usor de efectuat\u00a0<\/strong>&#8211;\u00a0Pre\u021bul pe metru p\u0103trat \u0219i sistemul unic de comenzi online garanteaz\u0103 un calcul rapid \u0219i exact, av\u00e2nd siguran\u021ba plas\u0103rii comenzilor<\/li>\n<li><strong>Suprafata minim\u0103 facturabil\u0103 &#8211; 0,8 mp\u00a0<\/strong>&#8211;\u00a0Op\u021biunea minim\u0103 pentru plasarea unei comenzi este de 0,8 mp<\/li>\n<li><strong>Lamel\u0103 terminal\u0103 metalic\u0103 \u0219i caset\u0103 din tabl\u0103 galvanizat\u0103<\/strong> &#8211;\u00a0Rezisten\u021ba \u0219i func\u021bionalitatea rulourilor din PVC Kondor este dat\u0103 de componentele de calitate<\/li>\n<li><strong>Ac\u021bionare pe rulmen\u021bi metalici<\/strong> &#8211;\u00a0Fiabilitatea rulourilor din PVC Kondor este sus\u021binut\u0103 de ac\u021bionarea pe rulmen\u021bi metalici<\/li>\n<\/ul>\n<\/td>\n<\/tr>\n<\/tbody>\n<\/table>\n<p><strong><br \/>\nRulou PVC Simplu<\/strong><\/p>\n<table border=\"0\">\n<tbody>\n<tr>\n<td>\n<ul>\n<li>Caseta \u015fi accesoriile de montaj sunt albe sau maro; Lamelele din PVC sunt late de 37 mm \u015fi groase de 6 mm<img loading=\"lazy\" title=\"rulou simplu\" src=\"http:\/\/promotii-termopane-pvc.ro\/images\/rulou_simplu.jpg\" alt=\"rulou simplu\" width=\"156\" height=\"169\" \/><\/li>\n<li>\u00cen func\u0163ie de \u00een\u0103l\u0163imea ruloului, caseta este de 0.14 sau 0.18; caseta vopsita in camp electrostatic are grosimea de 0,90 mm<\/li>\n<li>Piciorul ruloului este din PVC si are dimensiunea 40x60mm<\/li>\n<li>Capcele ruloului sunt din otel vopsit in camp electrostatic si au in functie de inaltimea ruloului 0.14 sau 0.18m<\/li>\n<li>Ac\u0163ionarea este prev\u0103zut\u0103 numai cu \u015fnur, care necesit\u0103 o gaur\u0103 de trecere prin t\u00e2mpl\u0103rie de 10 mm; Pot fi mai multe rulouri \u00een aceea\u015fi caset\u0103 (cu o lungime maxim\u0103 de 3 m), cu ac\u0163ion\u0103ri separate<\/li>\n<li>Aten\u0163ie: Montarea unui rulou aplicat presupune perforarea t\u00e2mpl\u0103riei \u00een aproximativ 9 locuri (4 \u2013 6 fix\u0103ri) cu \u015furuburi ale piciorului (\u00een func\u0163ie de \u00een\u0103l\u0163ime), o gaur\u0103 de trecere pentru \u015fnur, precum \u015fi prinderea \u00een dou\u0103 \u015furuburi a automatului \u015fnur, care se monteaz\u0103 \u00een interior<\/li>\n<\/ul>\n<\/td>\n<\/tr>\n<\/tbody>\n<\/table>\n<p><strong><br \/>\nRulou PVC Lux<\/strong><\/p>\n<table border=\"0\">\n<tbody>\n<tr>\n<td>\n<ul>\n<li>Caseta \u015fi accesoriile de montaj sunt albe sau maro<img loading=\"lazy\" title=\"rulou lux\" src=\"http:\/\/promotii-termopane-pvc.ro\/images\/rulou_lux.jpg\" alt=\"rulou lux\" width=\"165\" height=\"165\" \/><\/li>\n<li>Lamelele din PVC sunt late de 37 mm \u015fi groase de 6 mm<\/li>\n<li>Caseta este din otel vopsit in camp electrostatic si in func\u0163ie de \u00een\u0103l\u0163imea ruloului poate fi de 0.14 ,0.16 sau 0.18,\u00a0caseta are grosimea de 0,90 mm<\/li>\n<li>Piciorul este din PVC extrudat si are dimensiunile 25x60mm<\/li>\n<li>Capacele ruloului sunt din aluminiu si in functie de inaltime sunt de 0.14, 0.16 sau 0.18m<\/li>\n<li>Ac\u0163ionarea este prev\u0103zut\u0103 numai cu \u015fnur, care necesit\u0103 o gaur\u0103 de trecere prin t\u00e2mpl\u0103rie de 10 mm.\u00a0NU pot fi mai multe rulouri \u00een aceea\u015fi caset\u0103<\/li>\n<li>Aten\u0163ie: Montarea unui rulou aplicat presupune perforarea t\u00e2mpl\u0103riei \u00een aproximativ 9 locuri (4 \u2013 6 fix\u0103ri) cu \u015furuburi ale piciorului (\u00een func\u0163ie de \u00een\u0103l\u0163ime), o gaur\u0103 de trecere pentru \u015fnur, precum \u015fi prinderea \u00een dou\u0103 \u015furuburi a automatului \u015fnur, care se monteaz\u0103 \u00een interior<\/li>\n<\/ul>\n<\/td>\n<\/tr>\n<\/tbody>\n<\/table>\n<p><strong>Rulou PVC Lux cu plasa<\/strong><\/p>\n<table border=\"0\">\n<tbody>\n<tr>\n<td>\n<ul>\n<li>Caseta \u015fi accesoriile de montaj sunt albe sau maro<img loading=\"lazy\" title=\"rulou lux cu plasa\" src=\"http:\/\/promotii-termopane-pvc.ro\/images\/rulou_lux.jpg\" alt=\"rulou lux\" width=\"167\" height=\"167\" \/><\/li>\n<li>Lamelele din PVC sunt late de 39 mm \u015fi groase de 6 mm<\/li>\n<li>Caseta este din otel vopsit in camp electrostatic si \u00cen func\u0163ie de \u00een\u0103l\u0163imea ruloului poate fi de 0.16 sau 0.18; grosimea de 0,90 mm<\/li>\n<li>Piciorul are canal dublu si este din PVC extrudat cu dimensiune 40x53mm<\/li>\n<li>Capacele ruloului sunt din aluminiu si in functie de inaltime sunt de 0.16 sau 0.18m<\/li>\n<li>Ac\u0163ionarea este prev\u0103zut\u0103 numai cu \u015fnur, care necesit\u0103 o gaur\u0103 de trecere prin t\u00e2mpl\u0103rie de 10 mm; NU pot fi mai multe rulouri \u00een aceea\u015fi caset\u0103<\/li>\n<li>Plasa \u015fi lamelele func\u0163ioneaz\u0103 separat, dar folosesc aceea\u015fi caset\u0103 \u015fi acelea\u015fi picioare<\/li>\n<li>Aten\u0163ie: Montarea unui rulou aplicat presupune perforarea t\u00e2mpl\u0103riei \u00een aproximativ 9 locuri (4 \u2013 6 fix\u0103ri) cu \u015furuburi ale piciorului (\u00een func\u0163ie de \u00een\u0103l\u0163ime), o gaur\u0103 de trecere pentru \u015fnur, precum \u015fi prinderea \u00een dou\u0103 \u015furuburi a automatului \u015fnur, care se monteaz\u0103 \u00een interior;<\/li>\n<\/ul>\n<\/td>\n<\/tr>\n<\/tbody>\n<\/table>\n<\/div>\n<\/div>\n<\/div>\n<p>&nbsp;<\/p>\n","protected":false},"excerpt":{"rendered":"<p>&nbsp; Rulouri Aluminiu si PVC Rulourile exterioare aplicate din aluminiu, au caseta din aluminiu si lamelele din aluminiu , culorile standard disponibile, atat <\/p>\n","protected":false},"author":1,"featured_media":0,"parent":0,"menu_order":3,"comment_status":"closed","ping_status":"open","template":"","meta":[],"_links":{"self":[{"href":"https:\/\/soricristerm.ro\/index.php?rest_route=\/wp\/v2\/pages\/110"}],"collection":[{"href":"https:\/\/soricristerm.ro\/index.php?rest_route=\/wp\/v2\/pages"}],"about":[{"href":"https:\/\/soricristerm.ro\/index.php?rest_route=\/wp\/v2\/types\/page"}],"author":[{"embeddable":true,"href":"https:\/\/soricristerm.ro\/index.php?rest_route=\/wp\/v2\/users\/1"}],"replies":[{"embeddable":true,"href":"https:\/\/soricristerm.ro\/index.php?rest_route=%2Fwp%2Fv2%2Fcomments&post=110"}],"version-history":[{"count":5,"href":"https:\/\/soricristerm.ro\/index.php?rest_route=\/wp\/v2\/pages\/110\/revisions"}],"predecessor-version":[{"id":125,"href":"https:\/\/soricristerm.ro\/index.php?rest_route=\/wp\/v2\/pages\/110\/revisions\/125"}],"wp:attachment":[{"href":"https:\/\/soricristerm.ro\/index.php?rest_route=%2Fwp%2Fv2%2Fmedia&parent=110"}],"curies":[{"name":"wp","href":"https:\/\/api.w.org\/{rel}","templated":true}]}}